{"id":8,"date":"2014-07-03T15:51:06","date_gmt":"2014-07-03T13:51:06","guid":{"rendered":"http:\/\/murielneveu.com\/naturopathie\/?page_id=8"},"modified":"2024-12-13T18:26:00","modified_gmt":"2024-12-13T17:26:00","slug":"a-propos","status":"publish","type":"page","link":"http:\/\/murielneveu.com\/naturopathie\/a-propos\/","title":{"rendered":"A Propos"},"content":{"rendered":"<div class=\"line center presentation\">\n<p class=\"photo\"><img decoding=\"async\" loading=\"lazy\" class=\"alignnone size-full wp-image-101\" src=\"http:\/\/murielneveu.com\/naturopathie\/wp-content\/uploads\/MurielNeveu.jpg\" alt=\"Muriel Neveu Naturopathe\" width=\"300\" height=\"199\" \/><\/p>\n<blockquote><p>Mon objectif : vous accompagner dans votre recherche de l\u2019harmonie avec vous-m\u00eame, pour un \u00e9quilibre et une meilleure sant\u00e9 au naturel.<br \/>\nJ\u2019\u00e9prouve toujours un grand bonheur \u00e0 vous voir atteindre l&rsquo;objectif que vous vous \u00eates fix\u00e9.<\/p><\/blockquote>\n<p style=\"text-align: left;\">\u00a0 \u00a0 \u00a0 \u00a0 \u00a0 \u00a0 \u00a0 \u00a0 \u00a0 \u00a0 \u00a0 \u00a0 \u00a0 \u00a0 \u00a0 \u00a0 \u00a0 \u00a0 \u00a0 \u00a0 \u00a0Muriel Neveu Naturopathe Paris<\/p>\n<\/div>\n<div class=\"textephoto ptl\">\n<p>La nature, le sport, l&rsquo;\u00e9quilibre de vie, l\u2019enthousiasme et l&rsquo;harmonie font partie int\u00e9grante de mon univers personnel.<br \/>\nDepuis ma plus tendre enfance, depuis toujours.<br \/>\nIls ont guid\u00e9 mes choix de vie personnelle et professionnelle.<\/p>\n<p>En tant que Directrice des Ressources Humaines (la passion des relations humaines) dans de grands groupes internationaux, j&rsquo;ai pu f\u00e9d\u00e9rer les collaborateurs autour d&rsquo;engagements importants li\u00e9s notamment \u00e0 la Responsabilit\u00e9 Soci\u00e9tale de l&rsquo;Entreprise (la passion du respect de l&rsquo;environnement et de l&rsquo;homme dans son environnement, reposant sur le principe du moins pour plus).<\/p>\n<p>Puis progressivement j\u2019ai \u00e9prouv\u00e9 le d\u00e9sir d\u2019aller encore plus loin dans le bien-\u00eatre, dans le mieux vivre et dans l\u2019\u00e9l\u00e9gance et j\u2019ai recherch\u00e9 une fa\u00e7on plus juste de vivre et de partager.<\/p>\n<p>J\u2019ai d\u00e9couvert la naturopathie, un art de vivre simple et rempli de bon sens, que l\u2019on peut appliquer \u00e0 tous les domaines pour vivre entre la s\u00e9r\u00e9nit\u00e9 et l\u2019intensit\u00e9, en bonne sant\u00e9 et pour se sentir tout simplement en harmonie avec soi-m\u00eame.<\/p>\n<p>Les situations complexes rencontr\u00e9es en tant que DRH, ont enrichi mon exp\u00e9rience sur les attentes de chacun en terme d&rsquo;\u00e9panouissement, d&rsquo;\u00e9quilibre psychique, de sant\u00e9 physique et sur le besoin de se ressourcer, de gagner en vitalit\u00e9 afin de mieux vivre les \u00ab turbulences \u00bb de la vie notamment en milieu urbain et surtout de savoir que l\u00e0 ou il est possible de vivre, il est possible de bien vivre.<\/p>\n<p>La Naturopathie et son esprit me permettaient de r\u00e9pondre \u00e0 ces attentes.<\/p>\n<p>Form\u00e9e et dipl\u00f4m\u00e9e en Naturopathie, j\u2019apporte maintenant aux autres et avec mon plus grand plaisir, mon exp\u00e9rience et mes connaissances en mati\u00e8re de bien-\u00eatre, d&rsquo;hygi\u00e8ne de vie, de sant\u00e9 naturelle et pr\u00e9ventive.<\/p>\n<\/div>\n<div class=\"line center mtl\">\n<div class=\"nature-gauche\">\n<h3 class=\"h2-like mtl\">Formation<\/h3>\n<p>Dipl\u00f4m\u00e9e de l\u2019\u00e9cole <a title=\"Aller sur le site de l'ISUPNAT\" href=\"http:\/\/www.isupnat.com\/\" target=\"_blank\" rel=\"noopener\">ISUPNAT<\/a> (Institut Sup\u00e9rieur de Naturopathie &#8211; Formation en Naturopathie \u00a0Institut Alain Rousseaux Naturopathe Hygi\u00e8niste).<\/p>\n<p>Certifi\u00e9e de la <a title=\"Aller sur le site de la FENAHMAN\" href=\"http:\/\/www.fenahman.org\" target=\"_blank\" rel=\"noopener\">FENAHMAN<\/a> (F\u00e9d\u00e9ration Fran\u00e7aise de Naturopathie).<\/p>\n<p>Membre professionnel de l\u2019<a title=\"Aller sur le site de l'OMNES\" href=\"http:\/\/www.omnes.fr\" target=\"_blank\" rel=\"noopener\">OMNES<\/a> (Organisation de la M\u00e9decine Naturelle et de l\u2019Education Sanitaire).<\/p>\n<p>Membre de l\u2019APHN, Association pour la Promotion de l\u2019Hygi\u00e8ne vitale et la Naturopathie.<\/p>\n<h3 class=\"h2-like mtl\">Partenaires<\/h3>\n<p id=\"oligoscan\">Praticienne de l\u2019oligoscan devenue r\u00e9cemment Oligocheck, je vous invite \u00e0 visiter le site <a title=\"Visiter le site Oligoscan\" href=\"http:\/\/www.oligoscan.fr\/\">Oligoscan<\/a>\u00a0ou\u00a0<a href=\"http:\/\/www.so-check.com\/oligocheck\">so-check.com\/oligocheck<\/a><\/p>\n<p>Partenaire Luxia Scientific, je vous invite \u00e0 faire le bilan de votre microbiote intestinal pour pouvoir agir afin de l&rsquo;influencer et vous invite \u00e0 visiter le site : <a href=\"https:\/\/www.luxia-scientific.com\/fr\/\">luxia-scientific<\/a><\/p>\n<p>Bien dans mon je\u00fbne : Mettez votre syst\u00e8me digestif au repos en toute confiance. Profitez d&rsquo;un accompagnement sur mesure pour permettre \u00e0 votre corps de se d\u00e9barrasser des d\u00e9chets et de se r\u00e9g\u00e9n\u00e9rer. Oubliez votre assiette pendant une semaine pour repenser votre alimentation et profiter des bienfaits du je\u00fbne au long terme :\u00a0<a href=\"https:\/\/biendansmonjeune.fr\/\">https:\/\/biendansmonjeune.fr\/<\/a><\/p>\n<p>S\u00e9jours D\u00e9tox :\u00a0<a href=\"http:\/\/escale-detox.com\">escale-detox.com<\/a><\/p>\n<p>S\u00e9jours Cures : <a href=\"http:\/\/www.pranahvital.com\/\" target=\"_blank\" rel=\"noopener\">Le Moulin de Lucheux<\/a><\/p>\n<p>Microferme en permaculture &#8211; Centre de relaxation pour le coeur et l&rsquo;esprit : <a href=\"https:\/\/www.airbnb.fr\/rooms\/plus\/27298115?source_impression_id=p3_1592221751_5AayT8DKgIhfB%2FgX&amp;guests=1&amp;adults=1\">Tortue Cocotte<\/a><\/p>\n<p>R\u00e9flexologie : <a href=\"http:\/\/lucileblaise.com\">Lucile Blaise<\/a><\/p>\n<p>Ost\u00e9opathie : <a href=\"https:\/\/www.doctolib.fr\/osteopathe\/paris\/mathilde-leygues\">Mathilde Leygues<\/a><\/p>\n<p>Hypnose : <a href=\"https:\/\/www.hypnosducoeur.com\/#accueil\">Les hypnos du coeur<\/a><\/p>\n<p>Ramener la nature dans nos int\u00e9rieurs : <a href=\"http:\/\/murielneveu.com\/naturopathie\/a-propos\/\">Ramener la nature dans nos int\u00e9rieurs<\/a><\/p>\n<\/div>\n<div class=\"nature-droit\">\n<h3 class=\"h2-like mtl\">Presse<\/h3>\n<p>Article pour Kipli octobre 2020 <a href=\"http:\/\/murielneveu.com\/naturopathie\/a-propos\/\">5 conseils pour accueillir l&rsquo;heure d&rsquo;hiver<\/a><\/p>\n<p>Interview pour Magic Office Mars 2019<br \/>\n<a href=\"https:\/\/www.magicoffice.io\/office-hacking\/comment-manger-sainement-au-bureau\">Comment manger sainement au bureau ? <\/a><\/p>\n<p>Intervention dans un article de Grazia F\u00e9vrier 2017 : <a href=\"http:\/\/www.grazia.fr\/article\/prenez-des-forces-un-corps-coache-et-un-organisme-shoote-847204\">Prenez des forces : un corps coach\u00e9 et un organisme shoot\u00e9<\/a>, apr\u00e8s un hiver interminable, l&rsquo;actualit\u00e9 plombante, l&rsquo;\u00e9puisement total : d\u00e9couvrez mes conseils pour retrouver un moral et un physique d&rsquo;acier,<\/p>\n<p>Article dans Vogue Hommes\/Beaut\u00e9 du 7 f\u00e9vrier 2017 : Je vous d\u00e9livre mes 7 conseils bien-\u00eatre \u00e0 adopter tout de suite jusqu&rsquo;au retour du printemps, <a href=\"http:\/\/www.vogue.fr\/vogue-hommes\/beaute\/diaporama\/7-conseils-bien-etre-naturopathe-a-adopter-tout-de-suite\/40642\">7 tips avis\u00e9s pour une sant\u00e9 au Z\u00e9nith<\/a><\/p>\n<p>Article dans Vogue Hommes du 23 avril 2016 : Par ce qu&rsquo;on trouve dans la nature toutes les ressources pour maintenir le potentiel \u00e9nerg\u00e9tique de notre corps \u00e0 un haut niveau vibratoire et afficher une sant\u00e9 au z\u00e9nith, je vous d\u00e9livre <a href=\"http:\/\/www.vogue.fr\/vogue-hommes\/beaute\/diaporama\/7-gestes-bien-etre-d-une-naturopathe-pour-ameliorer-son-capital-sante\/31142\">7 gestes Healthy qui vont am\u00e9liorer votre capital sant\u00e9<\/a>.<\/p>\n<p>Intervention dans un article de Glamour Novembre 2015 : le ph\u00e9nom\u00e8ne \u00ab\u00a0early risers\u00a0\u00bb Rituel \u00e9nergisant p194<\/p>\n<p>Intervention dans un article de Grazia du 21\/08\/2015 : Des soins pour le corps et le l\u00e2cher prise <a title=\"Lire l'article sur le site de Grazia\" href=\"http:\/\/www.grazia.fr\/beaute\/soins-visage-et-corps\/galeries\/sante-11-coachs-professionnels-nous-livrent-leurs-secrets-pour-avoir-la-forme-778317\">11 coachs professionnels nous livrent leurs secrets pour avoir la forme<\/a><\/p>\n<p>Intervention dans un article de l&rsquo;Express Styles du 13\/05\/2014 : <a title=\"Lire l'article sur le site de L'Express Styles\" href=\"http:\/\/www.lexpress.fr\/styles\/beaute\/ventre-plat-fesses-rebondies-un-corps-tonique-pour-l-ete_1542818.html?xtmc=un_corps_tonique_pour_l\\%27%E9t%E9&amp;xtcr=2\" target=\"_blank\" rel=\"noopener\">un corps tonique pour l&rsquo;\u00e9t\u00e9<\/a>.<\/p>\n<\/div>\n<\/div>\n","protected":false},"excerpt":{"rendered":"<p>Mon objectif : vous accompagner dans votre recherche de l\u2019harmonie avec vous-m\u00eame, pour un \u00e9quilibre et une meilleure sant\u00e9 au naturel. J\u2019\u00e9prouve toujours un grand bonheur \u00e0 vous voir atteindre l&rsquo;objectif que vous vous \u00eates fix\u00e9. \u00a0 \u00a0 \u00a0 \u00a0 \u00a0 \u00a0 \u00a0 \u00a0 \u00a0 \u00a0 \u00a0 \u00a0 \u00a0 \u00a0 \u00a0 \u00a0 \u00a0 \u00a0 \u00a0 \u00a0 \u00a0Muriel Neveu Naturopathe Paris La nature, le sport, l&rsquo;\u00e9quilibre de vie, l\u2019enthousiasme et l&rsquo;harmonie font partie int\u00e9grante de mon univers personnel. Depuis ma plus &hellip; <span class=\"readmore\"><a title=\"A Propos\" href=\"http:\/\/murielneveu.com\/naturopathie\/a-propos\/\"><span class=\"icon-arrow-right-3\" > <\/span>Lire la suite<\/a><\/span><\/p>\n","protected":false},"author":1,"featured_media":0,"parent":0,"menu_order":0,"comment_status":"closed","ping_status":"closed","template":"","meta":[],"yoast_head":"<!-- This site is optimized with the Yoast SEO plugin v20.1 - https:\/\/yoast.com\/wordpress\/plugins\/seo\/ -->\n<title>Muriel Neveu Naturopathe hygi\u00e9niste Paris certifi\u00e9e de la FENAHMAN<\/title>\n<meta name=\"description\" content=\"Ex DRH, Muriel Neveu, est une sportive assidue, membre professionnel de l&#039;OMNES et dipl\u00f4m\u00e9e ISUPNAT (Institut Alain Rousseaux) Naturopathe Hygi\u00e9niste Paris.\" class=\"yoast-seo-meta-tag\" \/>\n<meta name=\"robots\" content=\"index, follow, max-snippet:-1, max-image-preview:large, max-video-preview:-1\" \/>\n<link rel=\"canonical\" href=\"http:\/\/murielneveu.com\/naturopathie\/a-propos\/\" class=\"yoast-seo-meta-tag\" \/>\n<meta property=\"og:locale\" content=\"fr_FR\" class=\"yoast-seo-meta-tag\" \/>\n<meta property=\"og:type\" content=\"article\" class=\"yoast-seo-meta-tag\" \/>\n<meta property=\"og:title\" content=\"Muriel Neveu Naturopathe hygi\u00e9niste Paris certifi\u00e9e de la FENAHMAN\" class=\"yoast-seo-meta-tag\" \/>\n<meta property=\"og:description\" content=\"Ex DRH, Muriel Neveu, est une sportive assidue, membre professionnel de l&#039;OMNES et dipl\u00f4m\u00e9e ISUPNAT (Institut Alain Rousseaux) Naturopathe Hygi\u00e9niste Paris.\" class=\"yoast-seo-meta-tag\" \/>\n<meta property=\"og:url\" content=\"http:\/\/murielneveu.com\/naturopathie\/a-propos\/\" class=\"yoast-seo-meta-tag\" \/>\n<meta property=\"og:site_name\" content=\"Muriel Neveu\" class=\"yoast-seo-meta-tag\" \/>\n<meta property=\"article:modified_time\" content=\"2024-12-13T17:26:00+00:00\" class=\"yoast-seo-meta-tag\" \/>\n<meta property=\"og:image\" content=\"http:\/\/murielneveu.com\/naturopathie\/wp-content\/uploads\/MurielNeveu.jpg\" class=\"yoast-seo-meta-tag\" \/>\n<meta name=\"twitter:label1\" content=\"Dur\u00e9e de lecture estim\u00e9e\" class=\"yoast-seo-meta-tag\" \/>\n\t<meta name=\"twitter:data1\" content=\"4 minutes\" class=\"yoast-seo-meta-tag\" \/>\n<script type=\"application\/ld+json\" class=\"yoast-schema-graph\">{\"@context\":\"https:\/\/schema.org\",\"@graph\":[{\"@type\":\"WebPage\",\"@id\":\"http:\/\/murielneveu.com\/naturopathie\/a-propos\/\",\"url\":\"http:\/\/murielneveu.com\/naturopathie\/a-propos\/\",\"name\":\"Muriel Neveu Naturopathe hygi\u00e9niste Paris certifi\u00e9e de la FENAHMAN\",\"isPartOf\":{\"@id\":\"https:\/\/murielneveu.com\/naturopathie\/#website\"},\"datePublished\":\"2014-07-03T13:51:06+00:00\",\"dateModified\":\"2024-12-13T17:26:00+00:00\",\"description\":\"Ex DRH, Muriel Neveu, est une sportive assidue, membre professionnel de l'OMNES et dipl\u00f4m\u00e9e ISUPNAT (Institut Alain Rousseaux) Naturopathe Hygi\u00e9niste Paris.\",\"breadcrumb\":{\"@id\":\"http:\/\/murielneveu.com\/naturopathie\/a-propos\/#breadcrumb\"},\"inLanguage\":\"fr-FR\",\"potentialAction\":[{\"@type\":\"ReadAction\",\"target\":[\"http:\/\/murielneveu.com\/naturopathie\/a-propos\/\"]}]},{\"@type\":\"BreadcrumbList\",\"@id\":\"http:\/\/murielneveu.com\/naturopathie\/a-propos\/#breadcrumb\",\"itemListElement\":[{\"@type\":\"ListItem\",\"position\":1,\"name\":\"Accueil\",\"item\":\"http:\/\/murielneveu.com\/naturopathie\/\"},{\"@type\":\"ListItem\",\"position\":2,\"name\":\"A Propos\"}]},{\"@type\":\"WebSite\",\"@id\":\"https:\/\/murielneveu.com\/naturopathie\/#website\",\"url\":\"https:\/\/murielneveu.com\/naturopathie\/\",\"name\":\"Muriel Neveu\",\"description\":\"Naturopathe \u00e0 Paris - Prendre Rendez-vous au + 33 6 82 46 15 49\",\"potentialAction\":[{\"@type\":\"SearchAction\",\"target\":{\"@type\":\"EntryPoint\",\"urlTemplate\":\"https:\/\/murielneveu.com\/naturopathie\/?s={search_term_string}\"},\"query-input\":\"required name=search_term_string\"}],\"inLanguage\":\"fr-FR\"}]}<\/script>\n<!-- \/ Yoast SEO plugin. -->","yoast_head_json":{"title":"Muriel Neveu Naturopathe hygi\u00e9niste Paris certifi\u00e9e de la FENAHMAN","description":"Ex DRH, Muriel Neveu, est une sportive assidue, membre professionnel de l'OMNES et dipl\u00f4m\u00e9e ISUPNAT (Institut Alain Rousseaux) Naturopathe Hygi\u00e9niste Paris.","robots":{"index":"index","follow":"follow","max-snippet":"max-snippet:-1","max-image-preview":"max-image-preview:large","max-video-preview":"max-video-preview:-1"},"canonical":"http:\/\/murielneveu.com\/naturopathie\/a-propos\/","og_locale":"fr_FR","og_type":"article","og_title":"Muriel Neveu Naturopathe hygi\u00e9niste Paris certifi\u00e9e de la FENAHMAN","og_description":"Ex DRH, Muriel Neveu, est une sportive assidue, membre professionnel de l'OMNES et dipl\u00f4m\u00e9e ISUPNAT (Institut Alain Rousseaux) Naturopathe Hygi\u00e9niste Paris.","og_url":"http:\/\/murielneveu.com\/naturopathie\/a-propos\/","og_site_name":"Muriel Neveu","article_modified_time":"2024-12-13T17:26:00+00:00","og_image":[{"url":"http:\/\/murielneveu.com\/naturopathie\/wp-content\/uploads\/MurielNeveu.jpg"}],"twitter_misc":{"Dur\u00e9e de lecture estim\u00e9e":"4 minutes"},"schema":{"@context":"https:\/\/schema.org","@graph":[{"@type":"WebPage","@id":"http:\/\/murielneveu.com\/naturopathie\/a-propos\/","url":"http:\/\/murielneveu.com\/naturopathie\/a-propos\/","name":"Muriel Neveu Naturopathe hygi\u00e9niste Paris certifi\u00e9e de la FENAHMAN","isPartOf":{"@id":"https:\/\/murielneveu.com\/naturopathie\/#website"},"datePublished":"2014-07-03T13:51:06+00:00","dateModified":"2024-12-13T17:26:00+00:00","description":"Ex DRH, Muriel Neveu, est une sportive assidue, membre professionnel de l'OMNES et dipl\u00f4m\u00e9e ISUPNAT (Institut Alain Rousseaux) Naturopathe Hygi\u00e9niste Paris.","breadcrumb":{"@id":"http:\/\/murielneveu.com\/naturopathie\/a-propos\/#breadcrumb"},"inLanguage":"fr-FR","potentialAction":[{"@type":"ReadAction","target":["http:\/\/murielneveu.com\/naturopathie\/a-propos\/"]}]},{"@type":"BreadcrumbList","@id":"http:\/\/murielneveu.com\/naturopathie\/a-propos\/#breadcrumb","itemListElement":[{"@type":"ListItem","position":1,"name":"Accueil","item":"http:\/\/murielneveu.com\/naturopathie\/"},{"@type":"ListItem","position":2,"name":"A Propos"}]},{"@type":"WebSite","@id":"https:\/\/murielneveu.com\/naturopathie\/#website","url":"https:\/\/murielneveu.com\/naturopathie\/","name":"Muriel Neveu","description":"Naturopathe \u00e0 Paris - Prendre Rendez-vous au + 33 6 82 46 15 49","potentialAction":[{"@type":"SearchAction","target":{"@type":"EntryPoint","urlTemplate":"https:\/\/murielneveu.com\/naturopathie\/?s={search_term_string}"},"query-input":"required name=search_term_string"}],"inLanguage":"fr-FR"}]}},"_links":{"self":[{"href":"http:\/\/murielneveu.com\/naturopathie\/wp-json\/wp\/v2\/pages\/8"}],"collection":[{"href":"http:\/\/murielneveu.com\/naturopathie\/wp-json\/wp\/v2\/pages"}],"about":[{"href":"http:\/\/murielneveu.com\/naturopathie\/wp-json\/wp\/v2\/types\/page"}],"author":[{"embeddable":true,"href":"http:\/\/murielneveu.com\/naturopathie\/wp-json\/wp\/v2\/users\/1"}],"replies":[{"embeddable":true,"href":"http:\/\/murielneveu.com\/naturopathie\/wp-json\/wp\/v2\/comments?post=8"}],"version-history":[{"count":45,"href":"http:\/\/murielneveu.com\/naturopathie\/wp-json\/wp\/v2\/pages\/8\/revisions"}],"predecessor-version":[{"id":288,"href":"http:\/\/murielneveu.com\/naturopathie\/wp-json\/wp\/v2\/pages\/8\/revisions\/288"}],"wp:attachment":[{"href":"http:\/\/murielneveu.com\/naturopathie\/wp-json\/wp\/v2\/media?parent=8"}],"curies":[{"name":"wp","href":"https:\/\/api.w.org\/{rel}","templated":true}]}}