{"id":12,"date":"2014-07-03T15:52:17","date_gmt":"2014-07-03T13:52:17","guid":{"rendered":"http:\/\/murielneveu.com\/naturopathie\/?page_id=12"},"modified":"2024-12-13T18:14:07","modified_gmt":"2024-12-13T17:14:07","slug":"contactez-moi","status":"publish","type":"page","link":"http:\/\/murielneveu.com\/naturopathie\/contactez-moi\/","title":{"rendered":"Contactez-moi"},"content":{"rendered":"<div class=\"center\">\n<div class=\"contact-gauche\">\n<p><strong>+ 33 6 82 46 15 49<\/strong><\/p>\n<p class=\"mtm\"><script type=\"text\/javascript\">\/\/ <![CDATA[\nvar name = \"contact\";\nvar domain = \"murielneveu.com\";\nvar aro = \"@\"\ndocument.write('<a href=\\\"mailto:' + name + aro + domain + '\\\">');\ndocument.write(name + '@' + domain + '<\/a>');\n\/\/ ]]><\/script><\/p>\n<p>Muriel Neveu Naturopathe \u00e0 Paris<\/p>\n<p>Cabinet de Consultations<br \/>\nLes Bleuets &#8211; 29 rue des Boulets<br \/>\n75011 Paris<\/p>\n<p><iframe loading=\"lazy\" style=\"border: 0;\" tabindex=\"0\" src=\"https:\/\/www.google.com\/maps\/embed?pb=!1m14!1m8!1m3!1d5250.728622281249!2d2.388981!3d48.851263!3m2!1i1024!2i768!4f13.1!3m3!1m2!1s0x0%3A0xc74f2bca6594cb73!2sMURIEL%20NEVEU%20Naturopathe%20Paris!5e0!3m2!1sfr!2sfr!4v1591801652095!5m2!1sfr!2sfr\" width=\"400\" height=\"300\" frameborder=\"0\" allowfullscreen=\"allowfullscreen\"><\/iframe><\/p>\n<p class=\"inbl mtm\">M\u00e9tros : Ligne 9 &nbsp;&#8211; Rue des Boulets ou Ligne 8 &#8211; Faidherbe Chaligny ou bus : 86, 56<\/p>\n<p class=\"mtl\">Je suis aussi pr\u00e9sente dans 2 clubs de sport<\/p>\n<p class=\"mts\"><a title=\"Aller sur le site du Klay\" href=\"http:\/\/www.klay.fr\" target=\"_blank\" rel=\"noopener\">le Klay<\/a><br \/>\n4 bis, rue Saint Sauveur &#8211; Paris 2\u00e8me<br \/>\nsur rendez-vous<\/p>\n<p class=\"mtm\"><a title=\"Aller sur le site du Ken Club\" href=\"http:\/\/www.kenclub.com\/\" target=\"_blank\" rel=\"noopener\">le Ken Club<\/a><br \/>\n100, avenue du Pr\u00e9sident Kennedy &#8211; Paris 16\u00e8me<br \/>\nsur rendez-vous<\/p>\n<\/div>\n<div class=\"contact-droit\">\n<div class=\"wpcf7 no-js\" id=\"wpcf7-f24-o1\" lang=\"fr-FR\" dir=\"ltr\">\n<div class=\"screen-reader-response\"><p role=\"status\" aria-live=\"polite\" aria-atomic=\"true\"><\/p> <ul><\/ul><\/div>\n<form action=\"\/naturopathie\/wp-json\/wp\/v2\/pages\/12#wpcf7-f24-o1\" method=\"post\" class=\"wpcf7-form init\" aria-label=\"Formulaire de contact\" novalidate=\"novalidate\" data-status=\"init\">\n<div style=\"display: none;\">\n<input type=\"hidden\" name=\"_wpcf7\" value=\"24\" \/>\n<input type=\"hidden\" name=\"_wpcf7_version\" value=\"5.7.3\" \/>\n<input type=\"hidden\" name=\"_wpcf7_locale\" value=\"fr_FR\" \/>\n<input type=\"hidden\" name=\"_wpcf7_unit_tag\" value=\"wpcf7-f24-o1\" \/>\n<input type=\"hidden\" name=\"_wpcf7_container_post\" value=\"0\" \/>\n<input type=\"hidden\" name=\"_wpcf7_posted_data_hash\" value=\"\" \/>\n<\/div>\n<p class=\"first\"><label for=\"name\">Votre Nom*<\/label>\n<\/p>\n<p><span class=\"wpcf7-form-control-wrap\" data-name=\"your-name\"><input size=\"40\" class=\"wpcf7-form-control wpcf7-text wpcf7-validates-as-required\" aria-required=\"true\" aria-invalid=\"false\" value=\"\" type=\"text\" name=\"your-name\" \/><\/span>\n<\/p>\n<p><label for=\"email\">Votre Email*<\/label>\n<\/p>\n<p><span class=\"wpcf7-form-control-wrap\" data-name=\"your-email\"><input size=\"40\" class=\"wpcf7-form-control wpcf7-text wpcf7-email wpcf7-validates-as-required wpcf7-validates-as-email\" aria-required=\"true\" aria-invalid=\"false\" value=\"\" type=\"email\" name=\"your-email\" \/><\/span>\n<\/p>\n<p><label for=\"message\">Votre Message*<\/label>\n<\/p>\n<p><span class=\"wpcf7-form-control-wrap\" data-name=\"your-message\"><textarea cols=\"40\" rows=\"10\" class=\"wpcf7-form-control wpcf7-textarea wpcf7-validates-as-required\" aria-required=\"true\" aria-invalid=\"false\" name=\"your-message\"><\/textarea><\/span>\n<\/p>\n<p><input class=\"wpcf7-form-control has-spinner wpcf7-submit\" type=\"submit\" value=\"Envoyer le message&nbsp;&nbsp;&gt;\" \/>\n<\/p><p style=\"display: none !important;\" class=\"akismet-fields-container\" data-prefix=\"_wpcf7_ak_\"><label>&#916;<textarea name=\"_wpcf7_ak_hp_textarea\" cols=\"45\" rows=\"8\" maxlength=\"100\"><\/textarea><\/label><input type=\"hidden\" id=\"ak_js_1\" name=\"_wpcf7_ak_js\" value=\"218\"\/><script>document.getElementById( \"ak_js_1\" ).setAttribute( \"value\", ( new Date() ).getTime() );<\/script><\/p><div class=\"wpcf7-response-output\" aria-hidden=\"true\"><\/div>\n<\/form>\n<\/div>\n<br \/>\n* mentions obligatoires<\/div>\n<\/div>\n<h3 class=\"mtl\">Mentions L\u00e9gales<\/h3>\n<p><strong>Responsable de r\u00e9daction du site<\/strong> : Muriel Neveu Naturopathe \u00e0 Paris<\/p>\n<p><strong>Siret<\/strong>&nbsp;:&nbsp;799 504 261 000 14<\/p>\n<p><strong>Adresse<\/strong>&nbsp;: Les Bleuets &#8211;&nbsp;29 rue des Boulets&nbsp;&#8211; Paris 11 \u00e8me<\/p>\n<p><strong>CNIL<\/strong>&nbsp;:&nbsp;1805823 v 0<\/p>\n<p><strong>H\u00e9bergeur<\/strong>&nbsp;:&nbsp;OVH<\/p>\n<p id=\"cnil\"><strong>Protection de la vie priv\u00e9e<\/strong>&nbsp;:<br \/>\nVotre adresse e-mail ne sera pas utilis\u00e9e \u00e0 des fins commerciales.<br \/>\nVous disposez d&rsquo;un droit d&rsquo;acc\u00e8s, de modification, de rectification et de suppression des donn\u00e9es vous concernant (loi Informatique et Libert\u00e9 du 6 janvier 1978 modifi\u00e9e).<br \/>\nPour toute demande, adressez-vous \u00e0<script type=\"text\/javascript\">\/\/ <![CDATA[\nvar name = \"contact\";\nvar domain = \"murielneveu.com\";\nvar aro = \"@\"\ndocument.write('<a href=\\\"mailto:' + name + aro + domain + '\\\">');\ndocument.write(name + '@' + domain + '<\/a>');\n\/\/ ]]><\/script><\/p>\n","protected":false},"excerpt":{"rendered":"<p>+ 33 6 82 46 15 49 Muriel Neveu Naturopathe \u00e0 Paris Cabinet de Consultations Les Bleuets &#8211; 29 rue des Boulets 75011 Paris M\u00e9tros : Ligne 9 &nbsp;&#8211; Rue des Boulets ou Ligne 8 &#8211; Faidherbe Chaligny ou bus : 86, 56 Je suis aussi pr\u00e9sente dans 2 clubs de sport le Klay 4 bis, rue Saint Sauveur &#8211; Paris 2\u00e8me sur rendez-vous le Ken Club 100, avenue du Pr\u00e9sident Kennedy &#8211; Paris 16\u00e8me sur rendez-vous * mentions obligatoires &hellip; <span class=\"readmore\"><a title=\"Contactez-moi\" href=\"http:\/\/murielneveu.com\/naturopathie\/contactez-moi\/\"><span class=\"icon-arrow-right-3\" > <\/span>Lire la suite<\/a><\/span><\/p>\n","protected":false},"author":1,"featured_media":0,"parent":0,"menu_order":0,"comment_status":"closed","ping_status":"closed","template":"","meta":[],"yoast_head":"<!-- This site is optimized with the Yoast SEO plugin v20.1 - https:\/\/yoast.com\/wordpress\/plugins\/seo\/ -->\n<title>Appelez maintenant Muriel Neveu Naturopathe Paris au + 33 6 82 46 15 49 pour une consultation naturopathique, bilan de vitalit\u00e9, Oligoscan, Oligocheck.<\/title>\n<meta name=\"description\" content=\"Elle consulte au cabinet Les Bleuets Paris 11 \u00e8me et au sein de 2 clubs de sport : Klay et Ken club. Possibilit\u00e9s en ligne, visio, \u00e0 domicile et par abonnements.\" class=\"yoast-seo-meta-tag\" \/>\n<meta name=\"robots\" content=\"index, follow, max-snippet:-1, max-image-preview:large, max-video-preview:-1\" \/>\n<link rel=\"canonical\" href=\"http:\/\/murielneveu.com\/naturopathie\/contactez-moi\/\" class=\"yoast-seo-meta-tag\" \/>\n<meta property=\"og:locale\" content=\"fr_FR\" class=\"yoast-seo-meta-tag\" \/>\n<meta property=\"og:type\" content=\"article\" class=\"yoast-seo-meta-tag\" \/>\n<meta property=\"og:title\" content=\"Appelez maintenant Muriel Neveu Naturopathe Paris au + 33 6 82 46 15 49 pour une consultation naturopathique, bilan de vitalit\u00e9, Oligoscan, Oligocheck.\" class=\"yoast-seo-meta-tag\" \/>\n<meta property=\"og:description\" content=\"Elle consulte au cabinet Les Bleuets Paris 11 \u00e8me et au sein de 2 clubs de sport : Klay et Ken club. Possibilit\u00e9s en ligne, visio, \u00e0 domicile et par abonnements.\" class=\"yoast-seo-meta-tag\" \/>\n<meta property=\"og:url\" content=\"http:\/\/murielneveu.com\/naturopathie\/contactez-moi\/\" class=\"yoast-seo-meta-tag\" \/>\n<meta property=\"og:site_name\" content=\"Muriel Neveu\" class=\"yoast-seo-meta-tag\" \/>\n<meta property=\"article:modified_time\" content=\"2024-12-13T17:14:07+00:00\" class=\"yoast-seo-meta-tag\" \/>\n<meta name=\"twitter:label1\" content=\"Dur\u00e9e de lecture estim\u00e9e\" class=\"yoast-seo-meta-tag\" \/>\n\t<meta name=\"twitter:data1\" content=\"1 minute\" class=\"yoast-seo-meta-tag\" \/>\n<script type=\"application\/ld+json\" class=\"yoast-schema-graph\">{\"@context\":\"https:\/\/schema.org\",\"@graph\":[{\"@type\":\"WebPage\",\"@id\":\"http:\/\/murielneveu.com\/naturopathie\/contactez-moi\/\",\"url\":\"http:\/\/murielneveu.com\/naturopathie\/contactez-moi\/\",\"name\":\"Appelez maintenant Muriel Neveu Naturopathe Paris au + 33 6 82 46 15 49 pour une consultation naturopathique, bilan de vitalit\u00e9, Oligoscan, Oligocheck.\",\"isPartOf\":{\"@id\":\"http:\/\/murielneveu.com\/naturopathie\/#website\"},\"datePublished\":\"2014-07-03T13:52:17+00:00\",\"dateModified\":\"2024-12-13T17:14:07+00:00\",\"description\":\"Elle consulte au cabinet Les Bleuets Paris 11 \u00e8me et au sein de 2 clubs de sport : Klay et Ken club. Possibilit\u00e9s en ligne, visio, \u00e0 domicile et par abonnements.\",\"breadcrumb\":{\"@id\":\"http:\/\/murielneveu.com\/naturopathie\/contactez-moi\/#breadcrumb\"},\"inLanguage\":\"fr-FR\",\"potentialAction\":[{\"@type\":\"ReadAction\",\"target\":[\"http:\/\/murielneveu.com\/naturopathie\/contactez-moi\/\"]}]},{\"@type\":\"BreadcrumbList\",\"@id\":\"http:\/\/murielneveu.com\/naturopathie\/contactez-moi\/#breadcrumb\",\"itemListElement\":[{\"@type\":\"ListItem\",\"position\":1,\"name\":\"Accueil\",\"item\":\"http:\/\/murielneveu.com\/naturopathie\/\"},{\"@type\":\"ListItem\",\"position\":2,\"name\":\"Contactez-moi\"}]},{\"@type\":\"WebSite\",\"@id\":\"http:\/\/murielneveu.com\/naturopathie\/#website\",\"url\":\"http:\/\/murielneveu.com\/naturopathie\/\",\"name\":\"Muriel Neveu\",\"description\":\"Naturopathe \u00e0 Paris - Prendre Rendez-vous au + 33 6 82 46 15 49\",\"potentialAction\":[{\"@type\":\"SearchAction\",\"target\":{\"@type\":\"EntryPoint\",\"urlTemplate\":\"http:\/\/murielneveu.com\/naturopathie\/?s={search_term_string}\"},\"query-input\":\"required name=search_term_string\"}],\"inLanguage\":\"fr-FR\"}]}<\/script>\n<!-- \/ Yoast SEO plugin. -->","yoast_head_json":{"title":"Appelez maintenant Muriel Neveu Naturopathe Paris au + 33 6 82 46 15 49 pour une consultation naturopathique, bilan de vitalit\u00e9, Oligoscan, Oligocheck.","description":"Elle consulte au cabinet Les Bleuets Paris 11 \u00e8me et au sein de 2 clubs de sport : Klay et Ken club. Possibilit\u00e9s en ligne, visio, \u00e0 domicile et par abonnements.","robots":{"index":"index","follow":"follow","max-snippet":"max-snippet:-1","max-image-preview":"max-image-preview:large","max-video-preview":"max-video-preview:-1"},"canonical":"http:\/\/murielneveu.com\/naturopathie\/contactez-moi\/","og_locale":"fr_FR","og_type":"article","og_title":"Appelez maintenant Muriel Neveu Naturopathe Paris au + 33 6 82 46 15 49 pour une consultation naturopathique, bilan de vitalit\u00e9, Oligoscan, Oligocheck.","og_description":"Elle consulte au cabinet Les Bleuets Paris 11 \u00e8me et au sein de 2 clubs de sport : Klay et Ken club. Possibilit\u00e9s en ligne, visio, \u00e0 domicile et par abonnements.","og_url":"http:\/\/murielneveu.com\/naturopathie\/contactez-moi\/","og_site_name":"Muriel Neveu","article_modified_time":"2024-12-13T17:14:07+00:00","twitter_misc":{"Dur\u00e9e de lecture estim\u00e9e":"1 minute"},"schema":{"@context":"https:\/\/schema.org","@graph":[{"@type":"WebPage","@id":"http:\/\/murielneveu.com\/naturopathie\/contactez-moi\/","url":"http:\/\/murielneveu.com\/naturopathie\/contactez-moi\/","name":"Appelez maintenant Muriel Neveu Naturopathe Paris au + 33 6 82 46 15 49 pour une consultation naturopathique, bilan de vitalit\u00e9, Oligoscan, Oligocheck.","isPartOf":{"@id":"http:\/\/murielneveu.com\/naturopathie\/#website"},"datePublished":"2014-07-03T13:52:17+00:00","dateModified":"2024-12-13T17:14:07+00:00","description":"Elle consulte au cabinet Les Bleuets Paris 11 \u00e8me et au sein de 2 clubs de sport : Klay et Ken club. Possibilit\u00e9s en ligne, visio, \u00e0 domicile et par abonnements.","breadcrumb":{"@id":"http:\/\/murielneveu.com\/naturopathie\/contactez-moi\/#breadcrumb"},"inLanguage":"fr-FR","potentialAction":[{"@type":"ReadAction","target":["http:\/\/murielneveu.com\/naturopathie\/contactez-moi\/"]}]},{"@type":"BreadcrumbList","@id":"http:\/\/murielneveu.com\/naturopathie\/contactez-moi\/#breadcrumb","itemListElement":[{"@type":"ListItem","position":1,"name":"Accueil","item":"http:\/\/murielneveu.com\/naturopathie\/"},{"@type":"ListItem","position":2,"name":"Contactez-moi"}]},{"@type":"WebSite","@id":"http:\/\/murielneveu.com\/naturopathie\/#website","url":"http:\/\/murielneveu.com\/naturopathie\/","name":"Muriel Neveu","description":"Naturopathe \u00e0 Paris - Prendre Rendez-vous au + 33 6 82 46 15 49","potentialAction":[{"@type":"SearchAction","target":{"@type":"EntryPoint","urlTemplate":"http:\/\/murielneveu.com\/naturopathie\/?s={search_term_string}"},"query-input":"required name=search_term_string"}],"inLanguage":"fr-FR"}]}},"_links":{"self":[{"href":"http:\/\/murielneveu.com\/naturopathie\/wp-json\/wp\/v2\/pages\/12"}],"collection":[{"href":"http:\/\/murielneveu.com\/naturopathie\/wp-json\/wp\/v2\/pages"}],"about":[{"href":"http:\/\/murielneveu.com\/naturopathie\/wp-json\/wp\/v2\/types\/page"}],"author":[{"embeddable":true,"href":"http:\/\/murielneveu.com\/naturopathie\/wp-json\/wp\/v2\/users\/1"}],"replies":[{"embeddable":true,"href":"http:\/\/murielneveu.com\/naturopathie\/wp-json\/wp\/v2\/comments?post=12"}],"version-history":[{"count":34,"href":"http:\/\/murielneveu.com\/naturopathie\/wp-json\/wp\/v2\/pages\/12\/revisions"}],"predecessor-version":[{"id":228,"href":"http:\/\/murielneveu.com\/naturopathie\/wp-json\/wp\/v2\/pages\/12\/revisions\/228"}],"wp:attachment":[{"href":"http:\/\/murielneveu.com\/naturopathie\/wp-json\/wp\/v2\/media?parent=12"}],"curies":[{"name":"wp","href":"https:\/\/api.w.org\/{rel}","templated":true}]}}