{"id":10,"date":"2014-07-03T15:51:47","date_gmt":"2014-07-03T13:51:47","guid":{"rendered":"http:\/\/murielneveu.com\/naturopathie\/?page_id=10"},"modified":"2024-12-13T17:58:54","modified_gmt":"2024-12-13T16:58:54","slug":"consultations","status":"publish","type":"page","link":"http:\/\/murielneveu.com\/naturopathie\/consultations\/","title":{"rendered":"Consultations"},"content":{"rendered":"<h3 class=\"h2-like\">Bilan de Vitalit\u00e9<\/h3>\n<div class=\"line center\">\n<div class=\"consults-gauche\">\n<p>Le bilan de vitalit\u00e9 est la phase essentielle d\u2019une consultation en naturopathie. Il mesure votre vitalit\u00e9 disponible\u00a0: gr\u00e2ce \u00e0 elle, le processus d&rsquo;auto-gu\u00e9rison peut agir.<\/p>\n<p>Le naturopathe utilise 2 moyens : un questionnaire pr\u00e9cis et une s\u00e9rie d&rsquo;observations.<\/p>\n<p>Le bilan est \u00e9tabli \u00e0 2 niveaux : physiologique et psychologique.<\/p>\n<p>L&rsquo;<strong>entretien sur l\u2019hygi\u00e8ne de vie<\/strong> comporte une s\u00e9rie de questions sur les habitudes (alimentation, exercices physiques, qualit\u00e9 du sommeil) et sur le syst\u00e8me organique et \u00e9monctoriel (\u00e9liminations)<\/p>\n<p>L&rsquo;<strong>examen morphologique<\/strong> consiste en une \u00e9tude pr\u00e9cise du visage, des mains, du corps, des \u00ab\u00a0ouvertures\u00a0\u00bb, c\u2019est \u00e0 dire le nez, la bouche, les oreilles, les yeux (iridologie, \u00e9tude de l&rsquo;iris), etc.<\/p>\n<p>Les renseignements obtenus permettent de conna\u00eetre l\u2019\u00e9tat d\u2019encrassement des humeurs du sujet, d&rsquo;\u00e9valuer le degr\u00e9 d&rsquo;encrassement et la mani\u00e8re dont il s&rsquo;est produit, de d\u00e9tecter la pr\u00e9sence et la puissance de la force vitale disponible.<\/p>\n<p>Votre praticien peut ainsi vous proposer un programme de cure totalement personnalis\u00e9 (desintoxication\/revitalisation) et une hygi\u00e8ne de vie adapt\u00e9e.<\/p>\n<\/div>\n<div class=\"infos\">\n<h4>Infos pratiques<\/h4>\n<p><strong>Lieu<\/strong>\u00a0:\u00a0en cabinet<br \/>\nsur rendez-vous<\/p>\n<p><strong>Dur\u00e9e<\/strong> : 1h30 &#8211; 2h00<\/p>\n<p><strong>Tarif<\/strong> : 100 \u20ac<\/p>\n<\/div>\n<\/div>\n<p class=\"HDP\"><a href=\"#header-bg\">Haut de Page<\/a><\/p>\n<h3 class=\"h2-like mtl\">Bilan Min\u00e9raux, Vitamines, Oligo-\u00e9l\u00e9ments, M\u00e9taux lourds<\/h3>\n<div class=\"line center\">\n<div class=\"consults-gauche\">\n<p>Un Bilan complet Min\u00e9raux, vitamines, Oligo-\u00e9l\u00e9ments et M\u00e9taux lourds apporte une meilleure connaissance des forces et faiblesses de votre physiologie\u00a0:<\/p>\n<ul>\n<li>stress oxydatif<\/li>\n<li>\u00e9valuation des risques et des fonctions physiologiques<\/li>\n<\/ul>\n<p>Le bilan Oligocheck est une analyse tissulaire. La prise de mesures est faite avec un spectrom\u00e8tre sur la paume de la main <a href=\"http:\/\/Oligoscan - so-check.com\/oligocheck\">Oligoscan &#8211; so-check.com\/oligocheck<\/a>, sans prise de sang et avec r\u00e9sultats imm\u00e9diats.<\/p>\n<p>Le Bilan Oligocheck ne remplace pas votre suivi et traitement m\u00e9dical, il vient en compl\u00e9ment.<\/p>\n<p>Les min\u00e9raux visibles au bilan oligocheck sont le calcium, le magn\u00e9sium, le phosphore, le silicium, le sodium, le potassium, le cuivre, le zinc, le fer, le mangan\u00e8se, le chrome, le vanadium, le bore, le cobalt, le molybd\u00e8ne, l&rsquo;iode, le lithium, le germanium, le s\u00e9l\u00e9nium, le souffre et le fluor.<\/p>\n<p>Les vitamines \u00e9valu\u00e9es au bilan Oligocheck sont les vitamines A, C, B6, B12, D et B9 (acide folique)<\/p>\n<p>Les m\u00e9taux lourds visibles au bilan Oligocheck sont l&rsquo;aluminium, l&rsquo;antimoine, l&rsquo;argent, l&rsquo;arsenic, le baryum, le b\u00e9ryllium, le bismuth, le cadmium, le mercure, le nickel, le platine, le plomb, le thallium, le thorium et le gadolinium.<\/p>\n<\/div>\n<div class=\"infos\">\n<h4>Infos pratiques<\/h4>\n<p><strong>Lieu<\/strong>\u00a0:\u00a0en cabinet<br \/>\nsur rendez-vous<\/p>\n<p><strong>Dur\u00e9e<\/strong> : 1h00 \u00e0 1h30<\/p>\n<p><strong>Tarif<\/strong> : 90 \u20ac Bilan complet avec interpr\u00e9tation des r\u00e9sultats<\/p>\n<p><strong>Tarif<\/strong> : 60 \u20ac Bilan sans interpr\u00e9tation (analyse des r\u00e9sultats par un autre praticien)<\/p>\n<\/div>\n<\/div>\n<p class=\"HDP\"><a href=\"#header-bg\">Haut de Page<\/a><\/p>\n<h3 class=\"h2-like mtl\">Consultations de suivi<\/h3>\n<div class=\"line center\">\n<div class=\"consults-gauche\">\n<p>Le programme de cure mis en place par le naturopathe pr\u00e9conise g\u00e9n\u00e9ralement des modifications d&rsquo;habitudes au quotidien\u00a0:<\/p>\n<ul>\n<li>alimentation<\/li>\n<li>rythmes<\/li>\n<li>gestion du stress ou des \u00e9motions<\/li>\n<li>possibilit\u00e9 de pratiquer l\u2019activit\u00e9 physique qui vous convient le mieux<\/li>\n<\/ul>\n<p>Le naturopathe peut \u00e9galement vous recommander la prise de compl\u00e9ments alimentaires qui soutiendront votre organisme, et\/ou pr\u00e9coniser des soins\u00a0:<\/p>\n<ul>\n<li>sauna<\/li>\n<li>enveloppements aux huiles essentielles<\/li>\n<li>massages bien-\u00eatre<\/li>\n<li>irrigation colonique<\/li>\n<\/ul>\n<p>Le naturopathe est avant tout un \u00e9ducateur de sant\u00e9. Au cours de ses consultations, il vous sensibilise \u00e0 la pr\u00e9vention et \u00e0 l\u2019auto-gu\u00e9rison, il travaille en compl\u00e9ment des m\u00e9decines conventionnelles.<\/p>\n<\/div>\n<div class=\"infos\">\n<h4>Infos pratiques<\/h4>\n<p><strong>Lieu<\/strong>\u00a0:\u00a0en cabinet<br \/>\nsur rendez-vous<\/p>\n<p><strong>Dur\u00e9e<\/strong> : 1h \u00e0 1h30<\/p>\n<p><strong>Tarif<\/strong> : 80 \u20ac<\/p>\n<\/div>\n<\/div>\n<p class=\"HDP\"><a href=\"#header-bg\">Haut de Page<\/a><\/p>\n<h3 class=\"h2-like mtl\">Consultation sp\u00e9cifique probl\u00e9matiques de peau<\/h3>\n<div class=\"line center\">\n<div class=\"consults-gauche\">\n<p>\u00ab L\u2019\u00eatre humain a besoin de deux beaut\u00e9s, l\u2019une int\u00e9rieure, l\u2019autre ext\u00e9rieure \u00bb Elisabeth Sigmund<br \/>\nSoigner la peau c\u2019est soigner l\u2019int\u00e9rieur, entreprendre une nouvelle hygi\u00e8ne de vie mais aussi soigner l\u2019\u00e9monctoire peau !<\/p>\n<p>Une prise en charge de la peau avec des m\u00e9thodes naturelles et plus approfondies, pour traiter les sujets de peau (<strong>acn\u00e9, inflammation, peau atopique, ecz\u00e9ma, peau s\u00e8che et d\u00e9shydrat\u00e9e, peau mature<\/strong>) avec un protocole adapt\u00e9 et une routine personnalis\u00e9e.<\/p>\n<\/div>\n<div class=\"infos\">\n<h4>Infos pratiques<\/h4>\n<p><strong>Lieu<\/strong>\u00a0:\u00a0en cabinet<br \/>\nsur rendez-vous<\/p>\n<p><strong>Dur\u00e9e<\/strong> : 1h \u00e0 1h30<\/p>\n<p><strong>Tarif<\/strong> : 80 \u20ac<\/p>\n<\/div>\n<\/div>\n<p class=\"HDP\"><a href=\"#header-bg\">Haut de Page<\/a><\/p>\n<h3><\/h3>\n<h3 class=\"h2-like mtl\">Techniques manuelles<\/h3>\n<div class=\"line center\">\n<div class=\"consults-gauche\">\n<p>Le <strong>massage<\/strong> en naturopathie est une m\u00e9thode pr\u00e9ventive et hygi\u00e9nique qui s\u2019inscrit dans le cadre d\u2019une cure avec des objectifs pr\u00e9cis.<\/p>\n<p>Il relance le mouvement et favorise les \u00e9changes de notre bassin humoral.<\/p>\n<p>L\u2019augmentation de la chaleur va augmenter la filtration et la diffusion du sang pour nettoyer le milieu int\u00e9rieur. Il am\u00e9liore ainsi l\u2019acc\u00e8s aux nutriments et favorise le transport et l\u2019\u00e9limination des d\u00e9chets vers les filtres.<\/p>\n<p>Il peut \u00eatre <strong>pr\u00e9f\u00e9r\u00e9 aux exercices physiques<\/strong> lorsque le sujet est tr\u00e8s intoxiqu\u00e9 et qu\u2019il a peu de vitalit\u00e9.<\/p>\n<p>Il s&rsquo;utilise en compl\u00e9ment de l\u2019hydroth\u00e9rapie, par exemple apr\u00e8s un sauna, il permet de d\u00e9stabiliser les zones d\u2019accumulation des d\u00e9chets qui sont remont\u00e9s vers la p\u00e9riph\u00e9rie du corps par le sauna.<\/p>\n<p>Le massage, par son action, amplifie la qualit\u00e9 du mouvement dans l\u2019ensemble du corps. Il acc\u00e9l\u00e8re la circulation des liquides et de toutes les fonctions, il va favoriser le retour veineux et lymphatique, et amener du mouvement l\u00e0 o\u00f9 il y a peu de muscles.<\/p>\n<\/div>\n<div class=\"infos\">\n<h4>Infos pratiques<\/h4>\n<p><strong>Lieu<\/strong>\u00a0:\u00a0en cabinet<br \/>\nsur rendez-vous<\/p>\n<p><strong>Dur\u00e9e<\/strong>\u00a0:\u00a01h<\/p>\n<p><strong>Tarif<\/strong> :\u00a075 \u20ac<\/p>\n<\/div>\n<\/div>\n<p class=\"HDP\"><a href=\"#header-bg\">Haut de Page<\/a><\/p>\n<h3 class=\"h2-like mtl\">Forfait Minceur &#8211; Forfait D\u00e9-Stress<\/h3>\n<div class=\"line center\">\n<div class=\"consults-gauche\">\n<p><strong>Forfait Minceur<\/strong> : pour mincir naturellement et durablement<\/p>\n<p><strong>Forfait D\u00e9-Stress<\/strong> : pour transformer naturellement le stress en \u00e9nergie cr\u00e9atrice<\/p>\n<p>Les s\u00e9ances sont espac\u00e9es au moins d&rsquo;une semaine, voire 15 jours en fonction du programme et de chaque personne<\/p>\n<ul>\n<li>le naturopathe vous motive et vous guide dans la r\u00e9ussite de votre objectif \u00ab\u00a0forme et bien \u00eatre\u00a0\u00bb.<\/li>\n<li>le naturopathe vous conseille de fa\u00e7on totalement personnalis\u00e9e<\/li>\n<li>avec vous, le naturopathe \u00e9value r\u00e9guli\u00e8rement vos progr\u00e8s.<\/li>\n<\/ul>\n<\/div>\n<div class=\"infos\">\n<h4>Infos pratiques<\/h4>\n<p><strong>Lieu<\/strong>\u00a0:\u00a0en cabinet<br \/>\nsur rendez-vous<\/p>\n<p><strong>Dur\u00e9e<\/strong>\u00a0:\u00a05 consultations d&rsquo;1h pour chaque forfait, comprenant le bilan de vitalit\u00e9<\/p>\n<p><strong>Tarif<\/strong> : 300 \u20ac pour un forfait<\/p>\n<\/div>\n<\/div>\n<p class=\"HDP\"><a href=\"#header-bg\">Haut de Page<\/a><\/p>\n<h3 class=\"h2-like mtl\">Mutuelles<\/h3>\n<p>La S\u00e9curit\u00e9 Sociale ne rembourse pas les consultations, mais de plus en plus de mutuelles proposent un remboursement total ou partiel des s\u00e9ances.<\/p>\n<p>En voici une liste non exhaustive.<\/p>\n<p class=\"mbm\">N&rsquo;h\u00e9sitez pas \u00e0 vous renseigner aupr\u00e8s de votre mutuelle.<\/p>\n<div class=\"autogrid3 mutuelles\">\n<div>\n<ul class=\"unstyled pln\">\n<li>Alians \/ Axialians (Contrat Medina)<\/li>\n<li>Assurema \/ Sphynx<\/li>\n<li>Bio Sant\u00e9<\/li>\n<li>CCMO partenaire Gicare<\/li>\n<li>Dolce Medica Sant\u00e9 Plus<\/li>\n<li>ECA<\/li>\n<li>Eovie \/ Mutuelle Dr\u00f4me APICA (Mutualit\u00e9 Fran\u00e7aise Ard\u00e8che)<\/li>\n<\/ul>\n<\/div>\n<div>\n<ul class=\"unstyled pln\">\n<li>GMC Services<\/li>\n<li>Ipselia &#8211; Sud-Ouest Mutualit\u00e9<\/li>\n<li>La Bo\u00e9tie<\/li>\n<li>La Compagnie des Femmes<\/li>\n<li>La Dijonnaise<\/li>\n<li>MFIF<\/li>\n<li>Mutuelle G\u00e9n\u00e9rale de Paris<\/li>\n<\/ul>\n<\/div>\n<div>\n<ul class=\"unstyled pln\">\n<li>Mutuelle Verte<\/li>\n<li>Myriade Mutuelle<\/li>\n<li>Novia Mutuelle<\/li>\n<li>Previadis<\/li>\n<li>PSI<\/li>\n<li>Reunica Mutuelle<\/li>\n<li>SMIP Rh\u00f4ne Alpes Mutuelle<\/li>\n<\/ul>\n<\/div>\n<\/div>\n<p><!--fin autogrid--><\/p>\n","protected":false},"excerpt":{"rendered":"<p>Bilan de Vitalit\u00e9 Le bilan de vitalit\u00e9 est la phase essentielle d\u2019une consultation en naturopathie. Il mesure votre vitalit\u00e9 disponible\u00a0: gr\u00e2ce \u00e0 elle, le processus d&rsquo;auto-gu\u00e9rison peut agir. Le naturopathe utilise 2 moyens : un questionnaire pr\u00e9cis et une s\u00e9rie d&rsquo;observations. Le bilan est \u00e9tabli \u00e0 2 niveaux : physiologique et psychologique. L&rsquo;entretien sur l\u2019hygi\u00e8ne de vie comporte une s\u00e9rie de questions sur les habitudes (alimentation, exercices physiques, qualit\u00e9 du sommeil) et sur le syst\u00e8me organique et \u00e9monctoriel (\u00e9liminations) L&rsquo;examen &hellip; <span class=\"readmore\"><a title=\"Consultations\" href=\"http:\/\/murielneveu.com\/naturopathie\/consultations\/\"><span class=\"icon-arrow-right-3\" > <\/span>Lire la suite<\/a><\/span><\/p>\n","protected":false},"author":1,"featured_media":0,"parent":0,"menu_order":0,"comment_status":"closed","ping_status":"closed","template":"","meta":[],"yoast_head":"<!-- This site is optimized with the Yoast SEO plugin v20.1 - https:\/\/yoast.com\/wordpress\/plugins\/seo\/ -->\n<title>Le bilan de vitalit\u00e9 est la phase essentielle de la consultation<\/title>\n<meta name=\"description\" content=\"Muriel Neveu vous propose : bilan de vitalit\u00e9, examen morphologique, iridologie, bilans min\u00e9raux et m\u00e9taux lourds, techniques manuelles, ateliers.\" class=\"yoast-seo-meta-tag\" \/>\n<meta name=\"robots\" content=\"index, follow, max-snippet:-1, max-image-preview:large, max-video-preview:-1\" \/>\n<link rel=\"canonical\" href=\"http:\/\/murielneveu.com\/naturopathie\/consultations\/\" class=\"yoast-seo-meta-tag\" \/>\n<meta property=\"og:locale\" content=\"fr_FR\" class=\"yoast-seo-meta-tag\" \/>\n<meta property=\"og:type\" content=\"article\" class=\"yoast-seo-meta-tag\" \/>\n<meta property=\"og:title\" content=\"Le bilan de vitalit\u00e9 est la phase essentielle de la consultation\" class=\"yoast-seo-meta-tag\" \/>\n<meta property=\"og:description\" content=\"Muriel Neveu vous propose : bilan de vitalit\u00e9, examen morphologique, iridologie, bilans min\u00e9raux et m\u00e9taux lourds, techniques manuelles, ateliers.\" class=\"yoast-seo-meta-tag\" \/>\n<meta property=\"og:url\" content=\"http:\/\/murielneveu.com\/naturopathie\/consultations\/\" class=\"yoast-seo-meta-tag\" \/>\n<meta property=\"og:site_name\" content=\"Muriel Neveu\" class=\"yoast-seo-meta-tag\" \/>\n<meta property=\"article:modified_time\" content=\"2024-12-13T16:58:54+00:00\" class=\"yoast-seo-meta-tag\" \/>\n<meta name=\"twitter:label1\" content=\"Dur\u00e9e de lecture estim\u00e9e\" class=\"yoast-seo-meta-tag\" \/>\n\t<meta name=\"twitter:data1\" content=\"6 minutes\" class=\"yoast-seo-meta-tag\" \/>\n<script type=\"application\/ld+json\" class=\"yoast-schema-graph\">{\"@context\":\"https:\/\/schema.org\",\"@graph\":[{\"@type\":\"WebPage\",\"@id\":\"http:\/\/murielneveu.com\/naturopathie\/consultations\/\",\"url\":\"http:\/\/murielneveu.com\/naturopathie\/consultations\/\",\"name\":\"Le bilan de vitalit\u00e9 est la phase essentielle de la consultation\",\"isPartOf\":{\"@id\":\"http:\/\/murielneveu.com\/naturopathie\/#website\"},\"datePublished\":\"2014-07-03T13:51:47+00:00\",\"dateModified\":\"2024-12-13T16:58:54+00:00\",\"description\":\"Muriel Neveu vous propose : bilan de vitalit\u00e9, examen morphologique, iridologie, bilans min\u00e9raux et m\u00e9taux lourds, techniques manuelles, ateliers.\",\"breadcrumb\":{\"@id\":\"http:\/\/murielneveu.com\/naturopathie\/consultations\/#breadcrumb\"},\"inLanguage\":\"fr-FR\",\"potentialAction\":[{\"@type\":\"ReadAction\",\"target\":[\"http:\/\/murielneveu.com\/naturopathie\/consultations\/\"]}]},{\"@type\":\"BreadcrumbList\",\"@id\":\"http:\/\/murielneveu.com\/naturopathie\/consultations\/#breadcrumb\",\"itemListElement\":[{\"@type\":\"ListItem\",\"position\":1,\"name\":\"Accueil\",\"item\":\"http:\/\/murielneveu.com\/naturopathie\/\"},{\"@type\":\"ListItem\",\"position\":2,\"name\":\"Consultations\"}]},{\"@type\":\"WebSite\",\"@id\":\"http:\/\/murielneveu.com\/naturopathie\/#website\",\"url\":\"http:\/\/murielneveu.com\/naturopathie\/\",\"name\":\"Muriel Neveu\",\"description\":\"Naturopathe \u00e0 Paris - Prendre Rendez-vous au + 33 6 82 46 15 49\",\"potentialAction\":[{\"@type\":\"SearchAction\",\"target\":{\"@type\":\"EntryPoint\",\"urlTemplate\":\"http:\/\/murielneveu.com\/naturopathie\/?s={search_term_string}\"},\"query-input\":\"required name=search_term_string\"}],\"inLanguage\":\"fr-FR\"}]}<\/script>\n<!-- \/ Yoast SEO plugin. -->","yoast_head_json":{"title":"Le bilan de vitalit\u00e9 est la phase essentielle de la consultation","description":"Muriel Neveu vous propose : bilan de vitalit\u00e9, examen morphologique, iridologie, bilans min\u00e9raux et m\u00e9taux lourds, techniques manuelles, ateliers.","robots":{"index":"index","follow":"follow","max-snippet":"max-snippet:-1","max-image-preview":"max-image-preview:large","max-video-preview":"max-video-preview:-1"},"canonical":"http:\/\/murielneveu.com\/naturopathie\/consultations\/","og_locale":"fr_FR","og_type":"article","og_title":"Le bilan de vitalit\u00e9 est la phase essentielle de la consultation","og_description":"Muriel Neveu vous propose : bilan de vitalit\u00e9, examen morphologique, iridologie, bilans min\u00e9raux et m\u00e9taux lourds, techniques manuelles, ateliers.","og_url":"http:\/\/murielneveu.com\/naturopathie\/consultations\/","og_site_name":"Muriel Neveu","article_modified_time":"2024-12-13T16:58:54+00:00","twitter_misc":{"Dur\u00e9e de lecture estim\u00e9e":"6 minutes"},"schema":{"@context":"https:\/\/schema.org","@graph":[{"@type":"WebPage","@id":"http:\/\/murielneveu.com\/naturopathie\/consultations\/","url":"http:\/\/murielneveu.com\/naturopathie\/consultations\/","name":"Le bilan de vitalit\u00e9 est la phase essentielle de la consultation","isPartOf":{"@id":"http:\/\/murielneveu.com\/naturopathie\/#website"},"datePublished":"2014-07-03T13:51:47+00:00","dateModified":"2024-12-13T16:58:54+00:00","description":"Muriel Neveu vous propose : bilan de vitalit\u00e9, examen morphologique, iridologie, bilans min\u00e9raux et m\u00e9taux lourds, techniques manuelles, ateliers.","breadcrumb":{"@id":"http:\/\/murielneveu.com\/naturopathie\/consultations\/#breadcrumb"},"inLanguage":"fr-FR","potentialAction":[{"@type":"ReadAction","target":["http:\/\/murielneveu.com\/naturopathie\/consultations\/"]}]},{"@type":"BreadcrumbList","@id":"http:\/\/murielneveu.com\/naturopathie\/consultations\/#breadcrumb","itemListElement":[{"@type":"ListItem","position":1,"name":"Accueil","item":"http:\/\/murielneveu.com\/naturopathie\/"},{"@type":"ListItem","position":2,"name":"Consultations"}]},{"@type":"WebSite","@id":"http:\/\/murielneveu.com\/naturopathie\/#website","url":"http:\/\/murielneveu.com\/naturopathie\/","name":"Muriel Neveu","description":"Naturopathe \u00e0 Paris - Prendre Rendez-vous au + 33 6 82 46 15 49","potentialAction":[{"@type":"SearchAction","target":{"@type":"EntryPoint","urlTemplate":"http:\/\/murielneveu.com\/naturopathie\/?s={search_term_string}"},"query-input":"required name=search_term_string"}],"inLanguage":"fr-FR"}]}},"_links":{"self":[{"href":"http:\/\/murielneveu.com\/naturopathie\/wp-json\/wp\/v2\/pages\/10"}],"collection":[{"href":"http:\/\/murielneveu.com\/naturopathie\/wp-json\/wp\/v2\/pages"}],"about":[{"href":"http:\/\/murielneveu.com\/naturopathie\/wp-json\/wp\/v2\/types\/page"}],"author":[{"embeddable":true,"href":"http:\/\/murielneveu.com\/naturopathie\/wp-json\/wp\/v2\/users\/1"}],"replies":[{"embeddable":true,"href":"http:\/\/murielneveu.com\/naturopathie\/wp-json\/wp\/v2\/comments?post=10"}],"version-history":[{"count":39,"href":"http:\/\/murielneveu.com\/naturopathie\/wp-json\/wp\/v2\/pages\/10\/revisions"}],"predecessor-version":[{"id":236,"href":"http:\/\/murielneveu.com\/naturopathie\/wp-json\/wp\/v2\/pages\/10\/revisions\/236"}],"wp:attachment":[{"href":"http:\/\/murielneveu.com\/naturopathie\/wp-json\/wp\/v2\/media?parent=10"}],"curies":[{"name":"wp","href":"https:\/\/api.w.org\/{rel}","templated":true}]}}